{"id":1022,"date":"2024-03-11T11:03:36","date_gmt":"2024-03-11T11:03:36","guid":{"rendered":"https:\/\/slaze.themeori.com\/?page_id=1022"},"modified":"2025-06-15T14:23:20","modified_gmt":"2025-06-15T11:23:20","slug":"blog-3-columns","status":"publish","type":"page","link":"https:\/\/www.istanbulkabristan.com\/en\/blog-3-columns\/","title":{"rendered":"Blog &#8211; 3 Columns"},"content":{"rendered":"<div data-elementor-type=\"wp-page\" data-elementor-id=\"1022\" class=\"elementor elementor-1022\">\n\t\t\t\t\t\t<section class=\"elementor-section elementor-top-section elementor-element elementor-element-5af8d96 elementor-section-boxed elementor-section-height-default elementor-section-height-default\" data-id=\"5af8d96\" data-element_type=\"section\">\n\t\t\t\t\t\t<div class=\"elementor-container elementor-column-gap-default\">\n\t\t\t\t\t<div class=\"elementor-column elementor-col-100 elementor-top-column elementor-element elementor-element-87e3e1d\" data-id=\"87e3e1d\" data-element_type=\"column\">\n\t\t\t<div class=\"elementor-widget-wrap elementor-element-populated\">\n\t\t\t\t\t\t<div class=\"elementor-element elementor-element-6ae1e7e elementor-widget elementor-widget-slaze-blog\" data-id=\"6ae1e7e\" data-element_type=\"widget\" data-widget_type=\"slaze-blog.default\">\n\t\t\t\t<div class=\"elementor-widget-container\">\n\t\t\t\t\t    <div class=\"blog_one\">\r\n        <div class=\"blog_one-area show_three md_show_two sm_show_one\">\r\n                            <div class=\"blog_one-item\">\r\n                    <div class=\"blog_one-item-img\">\r\n                        <div class=\"blog_one-item-image\">\r\n                            <a href=\"https:\/\/www.istanbulkabristan.com\/en\/mezar-mermeri-nasil-temizlenir\/\">\r\n                                <img decoding=\"async\" src=\"https:\/\/www.istanbulkabristan.com\/wp-content\/uploads\/2025\/06\/Cift-Kisilik-Mezar-8_result-1024x1024.webp\" alt=\"Mezar Nas\u0131l Temizlenir\" title=\"\">\r\n                            <\/a>\r\n                                                    <\/div>\r\n                    <\/div>\r\n                    <div class=\"blog_one-item-content\">\r\n                                                <h6><a href=\"https:\/\/www.istanbulkabristan.com\/en\/mezar-mermeri-nasil-temizlenir\/\">Mezar Mermeri Nas\u0131l Temizlenir<\/a><\/h6>\r\n                                                    <a class=\"tOri-button right\" href=\"https:\/\/www.istanbulkabristan.com\/en\/mezar-mermeri-nasil-temizlenir\/\">\r\n                                Devam\u0131n\u0131 Oku                                <i class=\"flaticon flaticon-right-up\"><\/i>                            <\/a>\r\n                                            <\/div>\r\n                <\/div>\r\n                            <div class=\"blog_one-item\">\r\n                    <div class=\"blog_one-item-img\">\r\n                        <div class=\"blog_one-item-image\">\r\n                            <a href=\"https:\/\/www.istanbulkabristan.com\/en\/cok-katli-mezar\/\">\r\n                                <img decoding=\"async\" src=\"https:\/\/www.istanbulkabristan.com\/wp-content\/uploads\/2024\/03\/Lahit-Mezar-1-1024x640.webp\" alt=\"\u00c7ok Katl\u0131 Mezar\" title=\"\">\r\n                            <\/a>\r\n                                                    <\/div>\r\n                    <\/div>\r\n                    <div class=\"blog_one-item-content\">\r\n                                                <h6><a href=\"https:\/\/www.istanbulkabristan.com\/en\/cok-katli-mezar\/\">\u00c7ok Katl\u0131 Mezar &#8211; Lahit Mezar Yap\u0131lmas\u0131 Dinen Uygunmudur<\/a><\/h6>\r\n                                                    <a class=\"tOri-button right\" href=\"https:\/\/www.istanbulkabristan.com\/en\/cok-katli-mezar\/\">\r\n                                Devam\u0131n\u0131 Oku                                <i class=\"flaticon flaticon-right-up\"><\/i>                            <\/a>\r\n                                            <\/div>\r\n                <\/div>\r\n                            <div class=\"blog_one-item\">\r\n                    <div class=\"blog_one-item-img\">\r\n                        <div class=\"blog_one-item-image\">\r\n                            <a href=\"https:\/\/www.istanbulkabristan.com\/en\/istanbuldaki-mezarliklar-listesi\/\">\r\n                                <img decoding=\"async\" src=\"https:\/\/www.istanbulkabristan.com\/wp-content\/uploads\/2024\/03\/Istanbul-Mezar-Fiyatlari-5-1024x640.webp\" alt=\"\u0130stanbuldaki Mezarl\u0131klar Listesi\" title=\"\">\r\n                            <\/a>\r\n                                                    <\/div>\r\n                    <\/div>\r\n                    <div class=\"blog_one-item-content\">\r\n                                                <h6><a href=\"https:\/\/www.istanbulkabristan.com\/en\/istanbuldaki-mezarliklar-listesi\/\">\u0130stanbuldaki Mezarl\u0131klar Listesi<\/a><\/h6>\r\n                                                    <a class=\"tOri-button right\" href=\"https:\/\/www.istanbulkabristan.com\/en\/istanbuldaki-mezarliklar-listesi\/\">\r\n                                Devam\u0131n\u0131 Oku                                <i class=\"flaticon flaticon-right-up\"><\/i>                            <\/a>\r\n                                            <\/div>\r\n                <\/div>\r\n                            <div class=\"blog_one-item\">\r\n                    <div class=\"blog_one-item-img\">\r\n                        <div class=\"blog_one-item-image\">\r\n                            <a href=\"https:\/\/www.istanbulkabristan.com\/en\/cocuk-mezar-yapimi-fiyatlari-ve-tum-detaylar\/\">\r\n                                <img decoding=\"async\" src=\"https:\/\/www.istanbulkabristan.com\/wp-content\/uploads\/2024\/03\/blog-3.jpg\" alt=\"\" title=\"\">\r\n                            <\/a>\r\n                                                    <\/div>\r\n                    <\/div>\r\n                    <div class=\"blog_one-item-content\">\r\n                                                <h6><a href=\"https:\/\/www.istanbulkabristan.com\/en\/cocuk-mezar-yapimi-fiyatlari-ve-tum-detaylar\/\">\u00c7ocuk Mezar Yap\u0131m\u0131 Fiyatlar\u0131 ve T\u00fcm Detaylar<\/a><\/h6>\r\n                                                    <a class=\"tOri-button right\" href=\"https:\/\/www.istanbulkabristan.com\/en\/cocuk-mezar-yapimi-fiyatlari-ve-tum-detaylar\/\">\r\n                                Devam\u0131n\u0131 Oku                                <i class=\"flaticon flaticon-right-up\"><\/i>                            <\/a>\r\n                                            <\/div>\r\n                <\/div>\r\n                            <div class=\"blog_one-item\">\r\n                    <div class=\"blog_one-item-img\">\r\n                        <div class=\"blog_one-item-image\">\r\n                            <a href=\"https:\/\/www.istanbulkabristan.com\/en\/mezar-tasina-ne-yazilir-anlamli-ve-ozenli-yazi-ornekleri\/\">\r\n                                <img decoding=\"async\" src=\"https:\/\/www.istanbulkabristan.com\/wp-content\/uploads\/2024\/03\/blog-2.jpg\" alt=\"\" title=\"\">\r\n                            <\/a>\r\n                                                    <\/div>\r\n                    <\/div>\r\n                    <div class=\"blog_one-item-content\">\r\n                                                <h6><a href=\"https:\/\/www.istanbulkabristan.com\/en\/mezar-tasina-ne-yazilir-anlamli-ve-ozenli-yazi-ornekleri\/\">Mezar Ta\u015f\u0131na Ne yaz\u0131l\u0131r? Anlaml\u0131 ve \u00d6zenli Yaz\u0131 \u00d6rnekleri<\/a><\/h6>\r\n                                                    <a class=\"tOri-button right\" href=\"https:\/\/www.istanbulkabristan.com\/en\/mezar-tasina-ne-yazilir-anlamli-ve-ozenli-yazi-ornekleri\/\">\r\n                                Devam\u0131n\u0131 Oku                                <i class=\"flaticon flaticon-right-up\"><\/i>                            <\/a>\r\n                                            <\/div>\r\n                <\/div>\r\n                            <div class=\"blog_one-item\">\r\n                    <div class=\"blog_one-item-img\">\r\n                        <div class=\"blog_one-item-image\">\r\n                            <a href=\"https:\/\/www.istanbulkabristan.com\/en\/mezar-tasina-qr-kod-yapma-ve-resim-ekleme-nedir\/\">\r\n                                <img decoding=\"async\" src=\"https:\/\/www.istanbulkabristan.com\/wp-content\/uploads\/2024\/03\/blog-1.jpg\" alt=\"\" title=\"\">\r\n                            <\/a>\r\n                                                    <\/div>\r\n                    <\/div>\r\n                    <div class=\"blog_one-item-content\">\r\n                                                <h6><a href=\"https:\/\/www.istanbulkabristan.com\/en\/mezar-tasina-qr-kod-yapma-ve-resim-ekleme-nedir\/\">Mezar Ta\u015f\u0131na QR Kod Yapma ve Resim Ekleme Nedir<\/a><\/h6>\r\n                                                    <a class=\"tOri-button right\" href=\"https:\/\/www.istanbulkabristan.com\/en\/mezar-tasina-qr-kod-yapma-ve-resim-ekleme-nedir\/\">\r\n                                Devam\u0131n\u0131 Oku                                <i class=\"flaticon flaticon-right-up\"><\/i>                            <\/a>\r\n                                            <\/div>\r\n                <\/div>\r\n                    <\/div>\r\n    <\/div>\r\n\t\t\t\t<\/div>\n\t\t\t\t<\/div>\n\t\t\t\t\t<\/div>\n\t\t<\/div>\n\t\t\t\t\t<\/div>\n\t\t<\/section>\n\t\t\t\t<\/div>","protected":false},"excerpt":{"rendered":"<p>Impact of Solar Energy on Reducing Carbon Devam\u0131n\u0131 Oku The Financial Benefits of Solar Installation Devam\u0131n\u0131 Oku How Solar Energy Contributes to Sustainable Devam\u0131n\u0131 Oku Exploring the Bright Future of Solar Energy Devam\u0131n\u0131 Oku Solar Symphony Harmony in Sustainability Devam\u0131n\u0131 Oku Solar Power for a Cleaner Brighter World Devam\u0131n\u0131 Oku<\/p>","protected":false},"author":1,"featured_media":0,"parent":0,"menu_order":0,"comment_status":"closed","ping_status":"closed","template":"page-builder.php","meta":{"_acf_changed":false,"footnotes":""},"class_list":["post-1022","page","type-page","status-publish","hentry"],"acf":[],"_links":{"self":[{"href":"https:\/\/www.istanbulkabristan.com\/en\/wp-json\/wp\/v2\/pages\/1022","targetHints":{"allow":["GET"]}}],"collection":[{"href":"https:\/\/www.istanbulkabristan.com\/en\/wp-json\/wp\/v2\/pages"}],"about":[{"href":"https:\/\/www.istanbulkabristan.com\/en\/wp-json\/wp\/v2\/types\/page"}],"author":[{"embeddable":true,"href":"https:\/\/www.istanbulkabristan.com\/en\/wp-json\/wp\/v2\/users\/1"}],"replies":[{"embeddable":true,"href":"https:\/\/www.istanbulkabristan.com\/en\/wp-json\/wp\/v2\/comments?post=1022"}],"version-history":[{"count":0,"href":"https:\/\/www.istanbulkabristan.com\/en\/wp-json\/wp\/v2\/pages\/1022\/revisions"}],"wp:attachment":[{"href":"https:\/\/www.istanbulkabristan.com\/en\/wp-json\/wp\/v2\/media?parent=1022"}],"curies":[{"name":"wp","href":"https:\/\/api.w.org\/{rel}","templated":true}]}}