{"id":4194,"date":"2024-02-28T14:52:07","date_gmt":"2024-02-28T14:52:07","guid":{"rendered":"https:\/\/slaze.themeori.com\/?page_id=14"},"modified":"2025-06-13T00:28:08","modified_gmt":"2025-06-12T21:28:08","slug":"istanbul-mezar","status":"publish","type":"page","link":"https:\/\/www.istanbulkabristan.com\/en\/istanbul-mezar\/","title":{"rendered":"Contact"},"content":{"rendered":"<div data-elementor-type=\"wp-page\" data-elementor-id=\"4194\" class=\"elementor elementor-4194\">\n\t\t\t\t\t\t<section class=\"elementor-section elementor-top-section elementor-element elementor-element-15a2876 elementor-section-boxed elementor-section-height-default elementor-section-height-default\" data-id=\"15a2876\" data-element_type=\"section\">\n\t\t\t\t\t\t<div class=\"elementor-container elementor-column-gap-default\">\n\t\t\t\t\t<div class=\"elementor-column elementor-col-25 elementor-top-column elementor-element elementor-element-4515a8f\" data-id=\"4515a8f\" data-element_type=\"column\">\n\t\t\t<div class=\"elementor-widget-wrap elementor-element-populated\">\n\t\t\t\t\t\t<div class=\"elementor-element elementor-element-5c1e6a4 elementor-widget elementor-widget-slaze-icon-box\" data-id=\"5c1e6a4\" data-element_type=\"widget\" data-widget_type=\"slaze-icon-box.default\">\n\t\t\t\t<div class=\"elementor-widget-container\">\n\t\t\t\t\t\r\n        <div class=\"icon__box-item\">\r\n                            <div class=\"icon__box-item-icon\">\r\n                    <i aria-hidden=\"true\" class=\"flaticon flaticon-telephone-call\"><\/i>                                                        <\/div>\r\n                        <div class=\"icon__box-item-content\">\r\n                                            <h4>\r\n                            Telefon :                        <\/h4>\r\n                                                        <p>\r\n                                                    <a href=\"tel:+90(532)586%2073%2052\">\r\n                                +90(532)586 73 52                            <\/a>\r\n                                            <\/p>\r\n                                            <\/div>\r\n        <\/div>\r\n\r\n        \t\t\t\t<\/div>\n\t\t\t\t<\/div>\n\t\t\t\t\t<\/div>\n\t\t<\/div>\n\t\t\t\t<div class=\"elementor-column elementor-col-25 elementor-top-column elementor-element elementor-element-cba8376\" data-id=\"cba8376\" data-element_type=\"column\">\n\t\t\t<div class=\"elementor-widget-wrap elementor-element-populated\">\n\t\t\t\t\t\t<div class=\"elementor-element elementor-element-51a7f26 elementor-widget elementor-widget-slaze-icon-box\" data-id=\"51a7f26\" data-element_type=\"widget\" data-widget_type=\"slaze-icon-box.default\">\n\t\t\t\t<div class=\"elementor-widget-container\">\n\t\t\t\t\t\r\n        <div class=\"icon__box-item\">\r\n                            <div class=\"icon__box-item-icon\">\r\n                    <i aria-hidden=\"true\" class=\"flaticon flaticon-mail\"><\/i>                                                        <\/div>\r\n                        <div class=\"icon__box-item-content\">\r\n                                            <h4>\r\n                            E-Posta :                        <\/h4>\r\n                                                        <p>\r\n                                                    <a href=\"mailto:info@istanbulmezar.com.tr\">\r\n                                info@istanbulmezar.com.tr                            <\/a>\r\n                                            <\/p>\r\n                                            <\/div>\r\n        <\/div>\r\n\r\n        \t\t\t\t<\/div>\n\t\t\t\t<\/div>\n\t\t\t\t\t<\/div>\n\t\t<\/div>\n\t\t\t\t<div class=\"elementor-column elementor-col-25 elementor-top-column elementor-element elementor-element-dcb69e3\" data-id=\"dcb69e3\" data-element_type=\"column\">\n\t\t\t<div class=\"elementor-widget-wrap elementor-element-populated\">\n\t\t\t\t\t\t<div class=\"elementor-element elementor-element-20ee958 elementor-widget elementor-widget-slaze-icon-box\" data-id=\"20ee958\" data-element_type=\"widget\" data-widget_type=\"slaze-icon-box.default\">\n\t\t\t\t<div class=\"elementor-widget-container\">\n\t\t\t\t\t\r\n        <div class=\"icon__box-item\">\r\n                            <div class=\"icon__box-item-icon\">\r\n                    <i aria-hidden=\"true\" class=\"flaticon flaticon-location-1\"><\/i>                                                        <\/div>\r\n                        <div class=\"icon__box-item-content\">\r\n                                            <h4>\r\n                            Lokasyon :                        <\/h4>\r\n                                                        <p>\r\n                                                    <a href=\"https:\/\/google.com\/maps\" target=\"_blank\" rel=\"noopener\">\r\n                                \u00c7atalca - \u0130stanbul                            <\/a>\r\n                                            <\/p>\r\n                                            <\/div>\r\n        <\/div>\r\n\r\n        \t\t\t\t<\/div>\n\t\t\t\t<\/div>\n\t\t\t\t\t<\/div>\n\t\t<\/div>\n\t\t\t\t<div class=\"elementor-column elementor-col-25 elementor-top-column elementor-element elementor-element-0557ccc\" data-id=\"0557ccc\" data-element_type=\"column\">\n\t\t\t<div class=\"elementor-widget-wrap elementor-element-populated\">\n\t\t\t\t\t\t<div class=\"elementor-element elementor-element-3fc3b6f elementor-widget elementor-widget-slaze-icon-box\" data-id=\"3fc3b6f\" data-element_type=\"widget\" data-widget_type=\"slaze-icon-box.default\">\n\t\t\t\t<div class=\"elementor-widget-container\">\n\t\t\t\t\t\r\n        <div class=\"icon__box-item\">\r\n                            <div class=\"icon__box-item-icon\">\r\n                    <i aria-hidden=\"true\" class=\"flaticon flaticon-wall-clock\"><\/i>                                                        <\/div>\r\n                        <div class=\"icon__box-item-content\">\r\n                                            <h4>\r\n                            A\u00e7\u0131l\u0131\u015f Saatleri :                        <\/h4>\r\n                                                        <p>\r\n                        Pazartesi-Cmt 09:00-17:00                    <\/p>\r\n                                            <\/div>\r\n        <\/div>\r\n\r\n        \t\t\t\t<\/div>\n\t\t\t\t<\/div>\n\t\t\t\t\t<\/div>\n\t\t<\/div>\n\t\t\t\t\t<\/div>\n\t\t<\/section>\n\t\t\t\t<section class=\"elementor-section elementor-top-section elementor-element elementor-element-344bea5 elementor-section-boxed elementor-section-height-default elementor-section-height-default\" data-id=\"344bea5\" data-element_type=\"section\">\n\t\t\t\t\t\t<div class=\"elementor-container elementor-column-gap-default\">\n\t\t\t\t\t<div class=\"elementor-column elementor-col-50 elementor-top-column elementor-element elementor-element-de1ef1e\" data-id=\"de1ef1e\" data-element_type=\"column\" data-settings=\"{&quot;background_background&quot;:&quot;classic&quot;}\">\n\t\t\t<div class=\"elementor-widget-wrap elementor-element-populated\">\n\t\t\t\t\t\t<div class=\"elementor-element elementor-element-5e7d2f0 elementor-widget elementor-widget-heading\" data-id=\"5e7d2f0\" data-element_type=\"widget\" data-widget_type=\"heading.default\">\n\t\t\t\t<div class=\"elementor-widget-container\">\n\t\t\t\t\t<h3 class=\"elementor-heading-title elementor-size-default\">istanbul mezar ileti\u015fime ge\u00e7in<\/h3>\t\t\t\t<\/div>\n\t\t\t\t<\/div>\n\t\t\t\t<div class=\"elementor-element elementor-element-2e73cfd elementor-widget elementor-widget-slaze-contact-form7\" data-id=\"2e73cfd\" data-element_type=\"widget\" data-widget_type=\"slaze-contact-form7.default\">\n\t\t\t\t<div class=\"elementor-widget-container\">\n\t\t\t\t\t        <div class=\"slaze-contact-form-wrapper\">\r\n            \n<div class=\"wpcf7 no-js\" id=\"wpcf7-f1097-o1\" lang=\"en-US\" dir=\"ltr\" data-wpcf7-id=\"1097\">\n<div class=\"screen-reader-response\"><p role=\"status\" aria-live=\"polite\" aria-atomic=\"true\"><\/p> <ul><\/ul><\/div>\n<form action=\"\/en\/wp-json\/wp\/v2\/pages\/4194#wpcf7-f1097-o1\" method=\"post\" class=\"wpcf7-form init\" aria-label=\"Contact form\" novalidate=\"novalidate\" data-status=\"init\" data-trp-original-action=\"\/en\/wp-json\/wp\/v2\/pages\/4194#wpcf7-f1097-o1\">\n<fieldset class=\"hidden-fields-container\"><input type=\"hidden\" name=\"_wpcf7\" value=\"1097\" \/><input type=\"hidden\" name=\"_wpcf7_version\" value=\"6.1.1\" \/><input type=\"hidden\" name=\"_wpcf7_locale\" value=\"en_US\" \/><input type=\"hidden\" name=\"_wpcf7_unit_tag\" value=\"wpcf7-f1097-o1\" \/><input type=\"hidden\" name=\"_wpcf7_container_post\" value=\"0\" \/><input type=\"hidden\" name=\"_wpcf7_posted_data_hash\" value=\"\" \/>\n<\/fieldset>\n<div class=\"row\">\n    <div class=\"col-md-6 mb-30\">\n        <span class=\"wpcf7-form-control-wrap\" data-name=\"full-name\"><input size=\"40\" maxlength=\"400\" class=\"wpcf7-form-control wpcf7-text wpcf7-validates-as-required\" aria-required=\"true\" aria-invalid=\"false\" placeholder=\"Ad Soyad\" value=\"\" type=\"text\" name=\"full-name\" \/><\/span> \n    <\/div>\n    <div class=\"col-md-6 md-mb-30\">\n        <span class=\"wpcf7-form-control-wrap\" data-name=\"your-email\"><input size=\"40\" maxlength=\"400\" class=\"wpcf7-form-control wpcf7-email wpcf7-validates-as-required wpcf7-text wpcf7-validates-as-email\" aria-required=\"true\" aria-invalid=\"false\" placeholder=\"E-postan\u0131z\" value=\"\" type=\"email\" name=\"your-email\" \/><\/span> \n    <\/div>\n    <div class=\"col-md-12 mb-30\">\n        <span class=\"wpcf7-form-control-wrap\" data-name=\"subject\"><input size=\"40\" maxlength=\"400\" class=\"wpcf7-form-control wpcf7-text wpcf7-validates-as-required\" aria-required=\"true\" aria-invalid=\"false\" placeholder=\"Konu\" value=\"\" type=\"text\" name=\"subject\" \/><\/span>\n    <\/div>\n    <div class=\"col-md-12 mb-30\">\n        <span class=\"wpcf7-form-control-wrap\" data-name=\"message\"><textarea cols=\"40\" rows=\"10\" maxlength=\"2000\" class=\"wpcf7-form-control wpcf7-textarea wpcf7-validates-as-required\" aria-required=\"true\" aria-invalid=\"false\" placeholder=\"Mesaj\u0131n\u0131z\" name=\"message\"><\/textarea><\/span>\n    <\/div>\n    <div class=\"col-md-12\">\n        <input class=\"wpcf7-form-control wpcf7-submit has-spinner\" type=\"submit\" value=\"G\u00f6nder\" \/>\n    <\/div>\n<\/div><div class=\"wpcf7-response-output\" aria-hidden=\"true\"><\/div>\n<input type=\"hidden\" name=\"trp-form-language\" value=\"en\"\/><\/form>\n<\/div>\n        <\/div>\r\n\r\n        \t\t\t\t<\/div>\n\t\t\t\t<\/div>\n\t\t\t\t\t<\/div>\n\t\t<\/div>\n\t\t\t\t<div class=\"elementor-column elementor-col-50 elementor-top-column elementor-element elementor-element-1331d5e\" data-id=\"1331d5e\" data-element_type=\"column\">\n\t\t\t<div class=\"elementor-widget-wrap elementor-element-populated\">\n\t\t\t\t\t\t<div class=\"elementor-element elementor-element-347bcb4 elementor-absolute elementor-widget elementor-widget-google_maps\" data-id=\"347bcb4\" data-element_type=\"widget\" data-settings=\"{&quot;_position&quot;:&quot;absolute&quot;}\" data-widget_type=\"google_maps.default\">\n\t\t\t\t<div class=\"elementor-widget-container\">\n\t\t\t\t\t\t\t<div class=\"elementor-custom-embed\">\n\t\t\t<iframe loading=\"lazy\"\n\t\t\t\t\tsrc=\"https:\/\/maps.google.com\/maps?q=merkez%20yildiz%2C%20Kalei%C3%A7i%2C%20semt%20piyale%20sokak%20D%3A8%20g%2C%2034540%20%C3%87atalca%2F%C4%B0stanbul&#038;t=m&#038;z=17&#038;output=embed&#038;iwloc=near\"\n\t\t\t\t\ttitle=\"Merkez Yildiz, Kalei\u00e7i, Mahallesi Piyale Sokak D:8 g, 34540 \u00c7atalca\/Istanbul\"\n\t\t\t\t\taria-label=\"Merkez Yildiz, Kalei\u00e7i, Mahallesi Piyale Sokak D:8 g, 34540 \u00c7atalca\/Istanbul\"\n\t\t\t><\/iframe>\n\t\t<\/div>\n\t\t\t\t\t\t<\/div>\n\t\t\t\t<\/div>\n\t\t\t\t\t<\/div>\n\t\t<\/div>\n\t\t\t\t\t<\/div>\n\t\t<\/section>\n\t\t<div class=\"elementor-element elementor-element-b3df60b e-flex e-con-boxed e-con e-parent\" data-id=\"b3df60b\" data-element_type=\"container\">\n\t\t\t\t\t<div class=\"e-con-inner\">\n\t\t\t\t<div class=\"elementor-element elementor-element-bd6fe6a elementor-widget__width-inherit elementor-widget elementor-widget-html\" data-id=\"bd6fe6a\" data-element_type=\"widget\" data-widget_type=\"html.default\">\n\t\t\t\t<div class=\"elementor-widget-container\">\n\t\t\t\t\t<div style=\"font-size:13px; color:#666; margin-top:40px;\">\r\n  <p><strong>\u0130stanbul Kabristan<\/strong>, \u0130stanbul genelinde mezar yap\u0131m\u0131, mezar ta\u015f\u0131 tasar\u0131m\u0131 ve mermer mezar uygulamalar\u0131 alan\u0131nda hizmet vermektedir. Firmam\u0131z \u00f6zellikle <strong>\u00c7atalca<\/strong>, <strong>Silivri<\/strong>, <strong>Had\u0131mk\u00f6y<\/strong> ve \u00e7evresinde ekonomik ve kaliteli mezar \u00e7\u00f6z\u00fcmleri sunmaktad\u0131r.<\/p>\r\n\r\n  <p>Uygun fiyatl\u0131 <strong>\u0130stanbul mezar yap\u0131m\u0131<\/strong> aray\u0131\u015f\u0131n\u0131z varsa bizimle hemen ileti\u015fime ge\u00e7ebilirsiniz. Mezar modelleri, defin s\u00fcreci ve mermer i\u015f\u00e7ili\u011fi hakk\u0131nda detayl\u0131 bilgi i\u00e7in <strong>+90 (532) 586 7352<\/strong> numaral\u0131 telefonumuzdan veya <strong>info@istanbulkabristan.com<\/strong> mail adresimizden bize ula\u015fabilirsiniz.<\/p>\r\n\r\n  <p><em>Adres:<\/em> Y\u0131ld\u0131z Mahallesi, Kalei\u00e7i Semt Piyale Sokak D:8, \u00c7atalca \/ \u0130stanbul<\/p>\r\n<\/div>\r\n\t\t\t\t<\/div>\n\t\t\t\t<\/div>\n\t\t\t\t<div class=\"elementor-element elementor-element-b8bf442 elementor-widget elementor-widget-html\" data-id=\"b8bf442\" data-element_type=\"widget\" data-widget_type=\"html.default\">\n\t\t\t\t<div class=\"elementor-widget-container\">\n\t\t\t\t\t<div style=\"font-size:14px; color:#666; line-height:1.7;\">\r\n  <p><strong>\u0130stanbul mezar yap\u0131m\u0131<\/strong> hizmeti arayan vatanda\u015flar\u0131m\u0131z i\u00e7in \u0130stanbul Kabristan olarak h\u0131zl\u0131, ekonomik ve kaliteli \u00e7\u00f6z\u00fcmler sunuyoruz. \u0130stanbul\u2019un \u00e7e\u015fitli b\u00f6lgelerinde, \u00f6zellikle \u00c7atalca, Silivri, Had\u0131mk\u00f6y, Arnavutk\u00f6y ve B\u00fcy\u00fck\u00e7ekmece gibi il\u00e7elerde <strong>mezar yap\u0131m\u0131<\/strong>, mermer mezar uygulamalar\u0131 ve mezar ta\u015f\u0131 \u00fcretimi konular\u0131nda faaliyet g\u00f6stermekteyiz.<\/p>\r\n\r\n  <p>Firmam\u0131z, y\u0131llard\u0131r edindi\u011fi tecr\u00fcbe ile hem geleneksel hem de modern <strong>mezar modelleri<\/strong> \u00fcretmektedir. Uygun fiyat politikam\u0131zla \u00f6n plana \u00e7\u0131karken, ayn\u0131 zamanda m\u00fc\u015fteri memnuniyetini \u00f6nceli\u011fimiz olarak g\u00f6rmekteyiz.<\/p>\r\n\r\n  <p><strong>\u0130stanbul mezar fiyatlar\u0131<\/strong> konusunda bilgi almak isteyen ziyaret\u00e7ilerimiz i\u00e7in do\u011frudan telefon ya da e-posta yoluyla bizimle ileti\u015fime ge\u00e7ebilirler. Talepler do\u011frultusunda \u00fccretsiz ke\u015fif hizmeti sa\u011fl\u0131yor ve en uygun \u00e7\u00f6z\u00fcm\u00fc sunuyoruz.<\/p>\r\n\r\n  <h3>Hizmet Verdi\u011fimiz B\u00f6lgeler<\/h3>\r\n  <ul>\r\n    <li>\u00c7atalca Mezar Yap\u0131m\u0131<\/li>\r\n    <li>Silivri Mezar Modelleri<\/li>\r\n    <li>Had\u0131mk\u00f6y Mermer Mezar<\/li>\r\n    <li>B\u00fcy\u00fck\u00e7ekmece Granit Mezar<\/li>\r\n    <li>Arnavutk\u00f6y Beton Mezar Uygulamalar\u0131<\/li>\r\n  <\/ul>\r\n\r\n  <p>\u0130stanbul genelindeki t\u00fcm mezarl\u0131klara uygun \u00f6l\u00e7\u00fc ve tasar\u0131mlarda mezar \u00fcretimi ger\u00e7ekle\u015ftirebilmekteyiz. Ayr\u0131ca \u00f6zel motifli Osmanl\u0131 tarz\u0131, blok mezar, aile mezar\u0131 ve hayrat \u00e7e\u015fmeleri gibi yap\u0131lar da uzmanl\u0131k alan\u0131m\u0131za girmektedir.<\/p>\r\n\r\n  <p><strong>\u0130leti\u015fim Bilgileri:<\/strong><\/p>\r\n  <ul>\r\n    <li><strong>Telefon:<\/strong> +90 (532) 586 7352<\/li>\r\n    <li><strong>Mail:<\/strong> info@istanbulkabristan.com<\/li>\r\n    <li><strong>Adres:<\/strong> Y\u0131ld\u0131z Mah. Kalei\u00e7i Semt Piyale Sokak D:8, 34540 \u00c7atalca \/ \u0130stanbul<\/li>\r\n  <\/ul>\r\n\r\n  <p>\u0130stanbul mezar yap\u0131m\u0131 s\u00fcreci hakk\u0131nda daha fazla bilgi almak isterseniz sayfam\u0131zda yer alan form \u00fczerinden bize mesaj b\u0131rakabilirsiniz. Deneyimli ekibimiz en k\u0131sa s\u00fcrede d\u00f6n\u00fc\u015f yapacakt\u0131r.<\/p>\r\n\r\n  <p>\u0130stanbul Kabristan olarak sizlere mezarl\u0131k hizmetlerinde g\u00fcvenilir, kaliteli ve \u015feffaf \u00e7\u00f6z\u00fcmler sunmaktan mutluluk duyar\u0131z. Hemen bize ula\u015farak \u0130stanbul'daki <strong>mezar yap\u0131m\u0131<\/strong> talepleriniz i\u00e7in bilgi alabilirsiniz.<\/p>\r\n<\/div>\r\n\t\t\t\t<\/div>\n\t\t\t\t<\/div>\n\t\t\t\t\t<\/div>\n\t\t\t\t<\/div>\n\t\t\t\t<\/div>","protected":false},"excerpt":{"rendered":"<p>Telefon : +90(532)586 73 52 E-Posta : info@istanbulmezar.com.tr Lokasyon : \u00c7atalca &#8211; \u0130stanbul A\u00e7\u0131l\u0131\u015f Saatleri : Pazartesi-Cmt 09:00-17:00 istanbul mezar ileti\u015fime ge\u00e7in \u0130stanbul Kabristan, \u0130stanbul genelinde mezar yap\u0131m\u0131, mezar ta\u015f\u0131 tasar\u0131m\u0131 ve mermer mezar uygulamalar\u0131 alan\u0131nda hizmet vermektedir. Firmam\u0131z \u00f6zellikle \u00c7atalca, Silivri, Had\u0131mk\u00f6y ve \u00e7evresinde ekonomik ve kaliteli mezar \u00e7\u00f6z\u00fcmleri sunmaktad\u0131r. Uygun fiyatl\u0131 \u0130stanbul mezar [&hellip;]<\/p>","protected":false},"author":1,"featured_media":0,"parent":0,"menu_order":0,"comment_status":"closed","ping_status":"closed","template":"page-builder.php","meta":{"_acf_changed":false,"footnotes":""},"class_list":["post-4194","page","type-page","status-publish","hentry"],"acf":[],"_links":{"self":[{"href":"https:\/\/www.istanbulkabristan.com\/en\/wp-json\/wp\/v2\/pages\/4194","targetHints":{"allow":["GET"]}}],"collection":[{"href":"https:\/\/www.istanbulkabristan.com\/en\/wp-json\/wp\/v2\/pages"}],"about":[{"href":"https:\/\/www.istanbulkabristan.com\/en\/wp-json\/wp\/v2\/types\/page"}],"author":[{"embeddable":true,"href":"https:\/\/www.istanbulkabristan.com\/en\/wp-json\/wp\/v2\/users\/1"}],"replies":[{"embeddable":true,"href":"https:\/\/www.istanbulkabristan.com\/en\/wp-json\/wp\/v2\/comments?post=4194"}],"version-history":[{"count":0,"href":"https:\/\/www.istanbulkabristan.com\/en\/wp-json\/wp\/v2\/pages\/4194\/revisions"}],"wp:attachment":[{"href":"https:\/\/www.istanbulkabristan.com\/en\/wp-json\/wp\/v2\/media?parent=4194"}],"curies":[{"name":"wp","href":"https:\/\/api.w.org\/{rel}","templated":true}]}}